{"id":2923,"date":"2021-11-20T19:34:30","date_gmt":"2021-11-20T16:34:30","guid":{"rendered":"https:\/\/www.espas-mimarlik.com\/?page_id=2923"},"modified":"2023-01-02T16:08:37","modified_gmt":"2023-01-02T13:08:37","slug":"espasiletisim","status":"publish","type":"page","link":"https:\/\/espas-mimarlik.com\/en\/espasiletisim\/","title":{"rendered":"Contact"},"content":{"rendered":"<div    class=\"row\" style=' text-align:left;'><div class=\"full_section_inner clearfix\"><div class=\"wpb_column vc_column_container vc_col-sm-12\"><div class=\"vc_column-inner\"><div class=\"wpb_wrapper\"><div class=\"vc_empty_space\"   style=\"height: 32px\"><span class=\"vc_empty_space_inner\"><\/span><\/div><\/div><\/div><\/div><\/div><\/div><div class=\"break\"><\/div><div    class=\"row\" style=' text-align:left;'><div class=\"full_section_inner clearfix\"><div class=\"wpb_column vc_column_container vc_col-sm-8\"><div class=\"vc_column-inner\"><div class=\"wpb_wrapper\"><div class=\"wpb_gmaps_widget wpb_content_element vc_map_responsive\" id=\"1490994575226\"><div class=\"wpb_wrapper\"><div class=\"wpb_map_wraper\"><iframe src=\"https:\/\/www.google.com\/maps\/embed?pb=!1m18!1m12!1m3!1d8794.605926318542!2d29.042687534056885!3d40.97855923753937!2m3!1f0!2f0!3f0!3m2!1i1024!2i768!4f13.1!3m3!1m2!1s0x14cab5eaa310f5cd%3A0xecdec5e18765be21!2sEspas%20Mimarl%C4%B1k!5e0!3m2!1sen!2str!4v1637426100704!5m2!1sen!2str\" width=\"960\" height=\"600\" style=\"border:0;\" allowfullscreen=\"\" loading=\"lazy\"><\/iframe><\/div><\/div><\/div><\/div><\/div><\/div><div class=\"wpb_column vc_column_container vc_col-sm-4\"><div class=\"vc_column-inner\"><div class=\"wpb_wrapper\">\n\t<div class=\"wpb_text_column wpb_content_element\" >\n\t\t<div class=\"wpb_wrapper\">\n\t\t\t<h3>ESPAS ARCHITECTS<\/h3>\n<p>&nbsp;<\/p>\n<p><span style=\"color: #999999;\">ADDRESS<\/span><\/p>\n<p>Bagdat Caddesi 124\/1, Block B, Apt. 1<\/p>\n<p>Fenerbah\u00e7e Neighborhood, Kad\u0131k\u00f6y, Istanbul<\/p>\n<p><span style=\"color: #999999;\">PHONE<\/span><\/p>\n<p>+90 (216) 740 04 77<\/p>\n<p><span style=\"color: #999999;\">Email<\/span><\/p>\n<p><a href=\"mailto:espas@espas-mimarlik.com\">espas@espas-mimarlik.com<\/a><\/p>\n\n\t\t<\/div>\n\t<\/div>\n<\/div><\/div><\/div><div class=\"wpb_column vc_column_container vc_col-sm-12\"><div class=\"vc_column-inner\"><div class=\"wpb_wrapper\"><\/div><\/div><\/div><\/div><\/div><div class=\"break\"><\/div>","protected":false},"excerpt":{"rendered":"ESPAS M\u0130MARLIK &nbsp; ADRES Ba\u011fdat Caddesi 124\/1 B Blok D:1 Fenerbah\u00e7e Mah. Kad\u0131k\u00f6y \u0130STANBUL TEL +90 (216) 740 04 77 E-MAIL espas@espas-mimarlik.com","protected":false},"author":1,"featured_media":0,"parent":0,"menu_order":0,"comment_status":"closed","ping_status":"closed","template":"","meta":{"jetpack_post_was_ever_published":false,"footnotes":""},"class_list":["post-2923","page","type-page","status-publish","hentry"],"jetpack_sharing_enabled":true,"jetpack_shortlink":"https:\/\/wp.me\/P62uEL-L9","jetpack-related-posts":[],"_links":{"self":[{"href":"https:\/\/espas-mimarlik.com\/en\/wp-json\/wp\/v2\/pages\/2923","targetHints":{"allow":["GET"]}}],"collection":[{"href":"https:\/\/espas-mimarlik.com\/en\/wp-json\/wp\/v2\/pages"}],"about":[{"href":"https:\/\/espas-mimarlik.com\/en\/wp-json\/wp\/v2\/types\/page"}],"author":[{"embeddable":true,"href":"https:\/\/espas-mimarlik.com\/en\/wp-json\/wp\/v2\/users\/1"}],"replies":[{"embeddable":true,"href":"https:\/\/espas-mimarlik.com\/en\/wp-json\/wp\/v2\/comments?post=2923"}],"version-history":[{"count":2,"href":"https:\/\/espas-mimarlik.com\/en\/wp-json\/wp\/v2\/pages\/2923\/revisions"}],"predecessor-version":[{"id":3016,"href":"https:\/\/espas-mimarlik.com\/en\/wp-json\/wp\/v2\/pages\/2923\/revisions\/3016"}],"wp:attachment":[{"href":"https:\/\/espas-mimarlik.com\/en\/wp-json\/wp\/v2\/media?parent=2923"}],"curies":[{"name":"wp","href":"https:\/\/api.w.org\/{rel}","templated":true}]}}