{"id":756,"date":"2016-04-19T11:56:39","date_gmt":"2016-04-19T08:56:39","guid":{"rendered":"https:\/\/espas-mimarlik.com\/?page_id=756"},"modified":"2021-11-20T20:18:05","modified_gmt":"2021-11-20T17:18:05","slug":"1993-2012-projeler","status":"publish","type":"page","link":"https:\/\/espas-mimarlik.com\/en\/1993-2012-projeler\/","title":{"rendered":"1989-2012 Projects"},"content":{"rendered":"<div    class=\"row\" style=' text-align:left;'><div class=\"full_section_inner clearfix\"><div class=\"wpb_column vc_column_container vc_col-sm-4\"><div class=\"vc_column-inner\"><div class=\"wpb_wrapper\">\n\t<div class=\"wpb_text_column wpb_content_element\" >\n\t\t<div class=\"wpb_wrapper\">\n\t\t\t<p><strong>ASTERIA HOTEL<\/strong><br \/>\nYeri : Side\/Antalya<br \/>\n\u0130\u015fveren: Ek\u015fio\u011flu \u0130n\u015faat A.\u015e.<br \/>\nYap\u0131m y\u0131l\u0131 :\u00a01989<br \/>\nKapasite : 400\u00a0yatak 5 y\u0131ld\u0131z<br \/>\nVerilen hizmet:\u00a0Proje Dan\u0131\u015fmanl\u0131\u011f\u0131 ve Kontroll\u00fck<\/p>\n<p>&nbsp;<\/p>\n<p><strong>LAPIS HOTEL<\/strong><br \/>\nYeri :\u00a0Kapadokya<br \/>\n\u0130\u015fveren:\u00a0Lapis Holding<br \/>\nYap\u0131m y\u0131l\u0131 : 1990<br \/>\nKapasite : 500 Yatak<br \/>\nVerilen hizmet: Proje Dan\u0131\u015fmanl\u0131\u011f\u0131<\/p>\n<p>&nbsp;<\/p>\n<p><strong>HOTEL FANTASIA<\/strong><br \/>\nYeri : Ku\u015fadas\u0131\/\u0130zmir<br \/>\n\u0130\u015fveren: Ulusoy A.\u015e.<br \/>\nYap\u0131m y\u0131l\u0131 : 1990<br \/>\nKapasite : 600\u00a0yatak 5 y\u0131ld\u0131z<br \/>\nVerilen hizmet:\u00a0Proje Dan\u0131\u015fmanl\u0131\u011f\u0131 ve Kontroll\u00fck<\/p>\n<p>&nbsp;<\/p>\n<p><strong>PINO BAY<\/strong><br \/>\nYeri : Ku\u015fadas\u0131\/\u0130zmir<br \/>\n\u0130\u015fveren:\u00a0G\u00f6\u00e7tur A.\u015e.<br \/>\nYap\u0131m y\u0131l\u0131 : 1990<br \/>\nKapasite : 800\u00a0yatak 5 y\u0131ld\u0131z + Tatil K\u00f6y\u00fc<br \/>\nVerilen hizmet:\u00a0Proje Dan\u0131\u015fmanl\u0131\u011f\u0131 ve Kontroll\u00fck<\/p>\n<p>&nbsp;<\/p>\n<p><strong>CLUB ARMONIA<\/strong><br \/>\nYeri : Akyarlar\/Bodrum<br \/>\n\u0130\u015fveren:G\u00f6k\u00e7e A.\u015e.<br \/>\nYap\u0131m y\u0131l\u0131 : 1991<br \/>\nKapasite : 800\u00a0yatak 5 y\u0131ld\u0131z<br \/>\nVerilen hizmet:\u00a0Proje Dan\u0131\u015fmanl\u0131\u011f\u0131 ve \u0130\u015fletme<\/p>\n<p>&nbsp;<\/p>\n<p><strong>CLUB AMARISSA<\/strong><br \/>\nYeri :\u00a0Bitez\/Bodrum<br \/>\n\u0130\u015fveren:\u00a0Interhotels A.\u015e.<br \/>\nYap\u0131m y\u0131l\u0131 : 1992<br \/>\nKapasite :\u00a0200 Yatak Tatil K\u00f6y\u00fc<br \/>\nVerilen hizmet: Proje Dan\u0131\u015fmanl\u0131\u011f\u0131 ve \u0130\u015fletme<\/p>\n\n\t\t<\/div>\n\t<\/div>\n<\/div><\/div><\/div><div class=\"wpb_column vc_column_container vc_col-sm-4\"><div class=\"vc_column-inner\"><div class=\"wpb_wrapper\">\n\t<div class=\"wpb_text_column wpb_content_element\" >\n\t\t<div class=\"wpb_wrapper\">\n\t\t\t<p><strong>RICHMOND HOTEL<\/strong><br \/>\nYeri : Pera \/ \u0130stanbul<br \/>\n\u0130\u015fveren: Aksoy Holding<br \/>\nYap\u0131m y\u0131l\u0131 : 1992<br \/>\nKapasite :\u00a0200 Yatak 4 Y\u0131ld\u0131z<br \/>\nVerilen hizmet: Proje Dan\u0131\u015fmanl\u0131\u011f\u0131 ve \u0130\u015fletme<\/p>\n<p>&nbsp;<\/p>\n<p><strong>RICHMOND HOTEL<\/strong><br \/>\nYeri :\u00a0Pamukkale \/ Denizli<br \/>\n\u0130\u015fveren: Aksoy Holding<br \/>\nYap\u0131m y\u0131l\u0131 : 1992<br \/>\nKapasite : 600 Yatak 4 Y\u0131ld\u0131z<br \/>\nVerilen hizmet:\u00a0Mimari Proje<\/p>\n<p>&nbsp;<\/p>\n<p><strong>MIM\u00a0HOTEL<\/strong><br \/>\nYeri : Ni\u015fanta\u015f\u0131\u00a0\/ \u0130stanbul<br \/>\n\u0130\u015fveren:\u00a0Mim Mimarl\u0131k<br \/>\nYap\u0131m y\u0131l\u0131 : 1993<br \/>\nKapasite :\u00a0210 Yatak 4 Y\u0131ld\u0131z<br \/>\nVerilen hizmet: Proje Dan\u0131\u015fmanl\u0131\u011f\u0131 ve \u0130\u015fletme<\/p>\n<p>&nbsp;<\/p>\n<p><strong>CLUB ADORA<\/strong><br \/>\nYeri :\u00a0Belek \/ Antalya<br \/>\n\u0130\u015fveren:\u00a0D\u00f6rtel Tekstil A.\u015e.<br \/>\nYap\u0131m y\u0131l\u0131 : 1993<br \/>\nKapasite : 800 Yatak\u00a0Tatil K\u00f6y\u00fc<br \/>\nVerilen hizmet: Proje Dan\u0131\u015fmanl\u0131\u011f\u0131 ve \u0130\u015fletme<\/p>\n<p>&nbsp;<\/p>\n<p><strong>MARRIOT HOTEL<\/strong><br \/>\nYeri :\u00a0G\u00fcne\u015fli\/ \u0130stanbul<br \/>\n\u0130\u015fveren:\u00a0PAG\u0130 Giyim<br \/>\nYap\u0131m y\u0131l\u0131 : 1997<br \/>\nKapasite : 470\u00a0Yatak<br \/>\nVerilen hizmet:\u00a0\u0130\u00e7 Mekan Tasar\u0131m\u0131<\/p>\n<p>&nbsp;<\/p>\n<p><strong>SUHAN CAPADOCCIA<\/strong><br \/>\nYeri : Avanos<br \/>\nYap\u0131m y\u0131l\u0131 : 2012<br \/>\nKapasite : 800 yatak 5 y\u0131ld\u0131z<br \/>\nVerilen hizmet: Mimari Renovasyon + \u0130\u00e7 Mekan Tasar\u0131m\u0131<\/p>\n\n\t\t<\/div>\n\t<\/div>\n<\/div><\/div><\/div><div class=\"wpb_column vc_column_container vc_col-sm-4\"><div class=\"vc_column-inner\"><div class=\"wpb_wrapper\">\n\t<div class=\"wpb_text_column wpb_content_element\" >\n\t\t<div class=\"wpb_wrapper\">\n\t\t\t<p><strong>COLOSSAE THERMAL<\/strong><br \/>\nYeri : Pamukkale<br \/>\nYap\u0131m y\u0131l\u0131 : 1993 den g\u00fcn\u00fcm\u00fcze \u00e7e\u015fitli ek projeler<br \/>\nKapasite : 900 yatak 5 y\u0131ld\u0131z<br \/>\nVerilen hizmet: Mimari + \u0130\u00e7 Mekan Tasar\u0131m\u0131<\/p>\n<p>&nbsp;<\/p>\n<p><strong>PAM TERMAL<\/strong><br \/>\nYeri : Pamukkale<br \/>\nYap\u0131m y\u0131l\u0131 : 2005 den g\u00fcn\u00fcm\u00fcze \u00e7e\u015fitli ek projeler<br \/>\nKapasite : 800 yatak 5 y\u0131ld\u0131z<br \/>\nVerilen hizmet: Mimari Renovasyon + \u0130\u00e7 Mekan Tasar\u0131m\u0131<\/p>\n<p>&nbsp;<\/p>\n<p><strong>POLAT OTEL<\/strong><br \/>\nYeri : Pamukkale<br \/>\nYap\u0131m y\u0131l\u0131 : 1995<br \/>\nKapasite : 700 yatak 5 y\u0131ld\u0131z<br \/>\nVerilen hizmet: Mimari Renovasyon + Dekorasyon<\/p>\n<p>&nbsp;<\/p>\n<p><strong>LA MAISON<\/strong><br \/>\nYeri : \u0130stanbul \u00c7\u0131ra\u011fan<br \/>\nYap\u0131m y\u0131l\u0131 : 1993<br \/>\nKapasite : 80 Yatak Butik Otel<br \/>\nVerilen hizmet: Mimari Renovasyon + \u0130\u00e7 Mekan Tasar\u0131m\u0131<\/p>\n<p>&nbsp;<\/p>\n<p><strong>ARENA OTEL<\/strong><br \/>\nYeri : \u0130stanbul Sultanahmet<br \/>\nYap\u0131m y\u0131l\u0131 : 2002<br \/>\nKapasite : 200 Yatak Butik Otel<br \/>\nVerilen hizmet: \u0130\u00e7 Mekan Tasar\u0131m\u0131<\/p>\n<p>&nbsp;<\/p>\n<p><strong>BELLA OTEL<\/strong><br \/>\nYeri : \u0130stanbul Kad\u0131k\u00f6y<br \/>\nYap\u0131m y\u0131l\u0131 : 2005<br \/>\nKapasite : 70 yatak 4 y\u0131ld\u0131z<br \/>\nVerilen hizmet: Mimari Proje + \u0130\u00e7 Mekan Tasar\u0131m\u0131<\/p>\n\n\t\t<\/div>\n\t<\/div>\n<\/div><\/div><\/div><\/div><\/div><div class=\"break\"><\/div>","protected":false},"excerpt":{"rendered":"ASTERIA HOTEL Yeri : Side\/Antalya \u0130\u015fveren: Ek\u015fio\u011flu \u0130n\u015faat A.\u015e. Yap\u0131m y\u0131l\u0131 :\u00a01989 Kapasite : 400\u00a0yatak 5 y\u0131ld\u0131z Verilen hizmet:\u00a0Proje Dan\u0131\u015fmanl\u0131\u011f\u0131 ve Kontroll\u00fck &nbsp; LAPIS HOTEL Yeri :\u00a0Kapadokya \u0130\u015fveren:\u00a0Lapis Holding Yap\u0131m y\u0131l\u0131 : 1990 Kapasite : 500 Yatak Verilen hizmet: Proje Dan\u0131\u015fmanl\u0131\u011f\u0131 &nbsp; HOTEL FANTASIA Yeri : Ku\u015fadas\u0131\/\u0130zmir \u0130\u015fveren: Ulusoy A.\u015e. Yap\u0131m y\u0131l\u0131 : 1990 Kapasite [...]","protected":false},"author":1,"featured_media":0,"parent":0,"menu_order":0,"comment_status":"closed","ping_status":"closed","template":"","meta":{"jetpack_post_was_ever_published":false,"footnotes":""},"class_list":["post-756","page","type-page","status-publish","hentry"],"jetpack_sharing_enabled":true,"jetpack_shortlink":"https:\/\/wp.me\/P62uEL-cc","jetpack-related-posts":[{"id":2630,"url":"https:\/\/espas-mimarlik.com\/en\/hakkinda\/","url_meta":{"origin":756,"position":0},"title":"About Espas","author":"admin","date":"21\/11\/2018","format":false,"excerpt":"","rel":"","context":"Similar post","block_context":{"text":"Similar post","link":""},"img":{"alt_text":"","src":"","width":0,"height":0},"classes":[]}],"_links":{"self":[{"href":"https:\/\/espas-mimarlik.com\/en\/wp-json\/wp\/v2\/pages\/756","targetHints":{"allow":["GET"]}}],"collection":[{"href":"https:\/\/espas-mimarlik.com\/en\/wp-json\/wp\/v2\/pages"}],"about":[{"href":"https:\/\/espas-mimarlik.com\/en\/wp-json\/wp\/v2\/types\/page"}],"author":[{"embeddable":true,"href":"https:\/\/espas-mimarlik.com\/en\/wp-json\/wp\/v2\/users\/1"}],"replies":[{"embeddable":true,"href":"https:\/\/espas-mimarlik.com\/en\/wp-json\/wp\/v2\/comments?post=756"}],"version-history":[{"count":0,"href":"https:\/\/espas-mimarlik.com\/en\/wp-json\/wp\/v2\/pages\/756\/revisions"}],"wp:attachment":[{"href":"https:\/\/espas-mimarlik.com\/en\/wp-json\/wp\/v2\/media?parent=756"}],"curies":[{"name":"wp","href":"https:\/\/api.w.org\/{rel}","templated":true}]}}